{"id":899,"date":"2020-08-19T12:00:05","date_gmt":"2020-08-19T12:00:05","guid":{"rendered":"https:\/\/cleanstyle.rocketseodev.cloud\/contacte\/"},"modified":"2025-12-18T15:21:15","modified_gmt":"2025-12-18T15:21:15","slug":"contacte","status":"publish","type":"page","link":"https:\/\/cleanstyle.md\/ro\/contacte\/","title":{"rendered":"Contacte"},"content":{"rendered":"\t\t<div data-elementor-type=\"wp-page\" data-elementor-id=\"899\" class=\"elementor elementor-899\">\n\t\t\t\t\t\t<section class=\"elementor-section elementor-top-section elementor-element elementor-element-bcee458 elementor-section-full_width elementor-section-height-default elementor-section-height-default\" data-id=\"bcee458\" data-element_type=\"section\">\n\t\t\t\t\t\t<div class=\"elementor-container elementor-column-gap-no\">\n\t\t\t\t\t<div class=\"elementor-column elementor-col-100 elementor-top-column elementor-element elementor-element-523b4c8\" data-id=\"523b4c8\" data-element_type=\"column\">\n\t\t\t<div class=\"elementor-widget-wrap elementor-element-populated\">\n\t\t\t\t\t\t<div class=\"elementor-element elementor-element-6e40f95 elementor-widget elementor-widget-get_in_touch\" data-id=\"6e40f95\" data-element_type=\"widget\" data-widget_type=\"get_in_touch.default\">\n\t\t\t\t<div class=\"elementor-widget-container\">\n\t\t\t\t\t\t\t<div class=\"tt-wrapper05 section-inner03\" style=\"background-image: url('')\">\n\t\t\t<div class=\"container container-fluid-xl\">\n\t\t\t\t<div class=\"row\">\n\t\t\t\t\t<div class=\"col-md-6\">\n\t\t\t\t\t\t<div class=\"tt-text-indent-right\">\n\t\t\t\t\t\t\t<div class=\"title-block\">\n\t\t\t\t\t\t\t\t<div class=\"title-block__label\">\n\t\t\t\t\t\t\t\t\tLua\u021bi leg\u0103tura cu noi\t\t\t\t\t\t\t\t<\/div>\n\t\t\t\t\t\t\t\t<!-- Title -->\n\t\t\t\t\t\t\t\t<h2 class=\"title-block__title typo-title-text\"> Au r\u0103mas \u00eentreb\u0103ri? <\/h2>\n\t\t\t\t\t\t\t\t<!-- Title -->\n\t\t\t\t\t\t\t<\/div>\n\t\t\t\t\t\t<\/div>\n\t\t\t\t\t<\/div>\n\t\t\t\t\t<div class=\"col-md-6\">\n\t\t\t\t\t\t<!-- content -->\n\t\t\t\t\t\t<div class=\"typo-content-text tt-title-text-align\"> Pur \u0219i simplu suna\u021bi-ne chiar acum! Vom fi bucuro\u0219i s\u0103 v\u0103 oferim toate detaliile despre serviciile noastre, standardele noastre \u0219i s\u0103 v\u0103 ajut\u0103m s\u0103 g\u0103si\u021bi solu\u021bia optim\u0103 pentru cur\u0103\u021benia spa\u021biului dvs.\n <\/div>\n\t\t\t\t\t\t<!-- content -->\n\t\t\t\t\t<\/div>\n\t\t\t\t<\/div>\n\t\t\t<\/div>\n\t\t<\/div>\n\t\t\t\t\t\t<\/div>\n\t\t\t\t<\/div>\n\t\t\t\t\t<\/div>\n\t\t<\/div>\n\t\t\t\t\t<\/div>\n\t\t<\/section>\n\t\t\t\t<section class=\"elementor-section elementor-top-section elementor-element elementor-element-a42dcdd elementor-section-full_width elementor-section-height-default elementor-section-height-default\" data-id=\"a42dcdd\" data-element_type=\"section\">\n\t\t\t\t\t\t<div class=\"elementor-container elementor-column-gap-default\">\n\t\t\t\t\t<div class=\"elementor-column elementor-col-100 elementor-top-column elementor-element elementor-element-fb9cf00\" data-id=\"fb9cf00\" data-element_type=\"column\">\n\t\t\t<div class=\"elementor-widget-wrap elementor-element-populated\">\n\t\t\t\t\t\t<div class=\"elementor-element elementor-element-32d4ebb elementor-widget elementor-widget-contacts_info\" data-id=\"32d4ebb\" data-element_type=\"widget\" data-widget_type=\"contacts_info.default\">\n\t\t\t\t<div class=\"elementor-widget-container\">\n\t\t\t\t\t\t\t\n\t\t\n\t\t<!-- Contact Info -->\n\t\t\t\t<div class=\"section-wrapper tt-wrapper06\" style=\"background-image: url('https:\/\/cleanstyle.md\/wp-content\/uploads\/2020\/08\/wrapper-contact-1.png');\">\n\t\t\t<div class=\"section-indent-extra03\">\n\t\t\t\t<div class=\"container container-fluid-xl\">\n\t\t\t\t\t<div class=\"row box-contact__wrapper\">\n\t\t\t\t\t\t\t\t\t\t<div class=\"col-sm-6 col-md-3\">\n\t\t\t\t\t\t\t<div class=\"box-contact\">\n\t\t\t\t\t\t\t<i class=\"box-contact__icon  icon-1034182\"><\/i>\n\t\t\t\t\t\t\t\t<h6 class=\"box-contact__title\">Telefon:<\/h6>\n\t\t\t\t\t\t\t\t<address>\n\t\t\t\t\t\t\t\t\t\t\t\t\t\t\t\t\t\t<a href=\"tel:+37360360280\" class=\"btn btn-long no-hover\" target=\"_blank\" rel=\"nofollow\">+(373) 603 602 80\n<\/a>\n\t\t\t\t\t\t\t\t\t\t\t\t\t\t\t\t\t<\/address>\n\t\t\t\t\t\t\t<\/div>\n\t\t\t\t\t\t<\/div>\n\t\t\t\t\t\t\t\t\t\t\t\t<div class=\"col-sm-6 col-md-3\">\n\t\t\t\t\t\t\t<div class=\"box-contact\">\n\t\t\t\t\t\t\t<i class=\"box-contact__icon  icon-70562\"><\/i>\n\t\t\t\t\t\t\t\t<h6 class=\"box-contact__title\">E-mail:<\/h6>\n\t\t\t\t\t\t\t\t<address>\n\t\t\t\t\t\t\t\t\t\t\t\t\t\t\t\t\t\t<a href=\"mailto:clean.style.md@gmail.com \" class=\"btn btn-long no-hover\" target=\"_blank\" rel=\"nofollow\">clean.style.md@gmail.com <\/a>\n\t\t\t\t\t\t\t\t\t\t\t\t\t\t\t\t\t<\/address>\n\t\t\t\t\t\t\t<\/div>\n\t\t\t\t\t\t<\/div>\n\t\t\t\t\t\t\t\t\t\t\t\t<div class=\"col-sm-6 col-md-3\">\n\t\t\t\t\t\t\t<div class=\"box-contact\">\n\t\t\t\t\t\t\t<i class=\"box-contact__icon  icon-70898\"><\/i>\n\t\t\t\t\t\t\t\t<h6 class=\"box-contact__title\">Program de lucru:<\/h6>\n\t\t\t\t\t\t\t\t<address>\n\t\t\t\t\t\t\t\t\t\t\t\t\t\t\t\t\t\tLu-Vi: 08:00 - 17:00 \t\t\t\t\t\t\t\t\t\t\t\t\t\t\t\t\t<\/address>\n\t\t\t\t\t\t\t<\/div>\n\t\t\t\t\t\t<\/div>\n\t\t\t\t\t\t\t\t\t\t\t<\/div>\n\t\t\t\t<\/div>\n\t\t\t<\/div>\n\t\t\t\t\t\t\t<!-- Contact Form -->\n\t\t\t<div class=\"section-indent\">\n\t\t\t\t<div class=\"container container-fluid-xl\">\n\t\t\t\t\t<div class=\"title-block text-center\">\n\t\t\t\t\t\t<!-- Title -->\n\t\t\t\t\t\t<h2 class=\"title-block__title typo-title-text\"> Completa\u021bi formularul <\/h2>\n\t\t\t\t\t\t<!-- Title -->\n\t\t\t\t\t\t<!-- content -->\n\t\t\t\t\t\t\t\t\t\t\t<div class=\"typo-content-text title-block__text tt-width-large\"> Managerul nostru v\u0103 va contacta pentru a clarifica detaliile: <\/div>\n\t\t\t\t\t\t\t\t\t\t\t\t<!-- content -->\n\t\t\t\t\t<\/div>\n\t\t\t\t\t\n\t\t\t\t\t\t\t\t\t\t\t<div class=\"row justify-content-md-center\">\n\t\t\t\t\t\t\t<div class=\"col-md-9 col-lg-8\">\n\t\t\t\t\t\t\t\n<div class=\"wpcf7 no-js\" id=\"wpcf7-f3423-o1\" lang=\"ro-RO\" dir=\"ltr\" data-wpcf7-id=\"3423\">\n<div class=\"screen-reader-response\"><p role=\"status\" aria-live=\"polite\" aria-atomic=\"true\"><\/p> <ul><\/ul><\/div>\n<form action=\"\/ro\/wp-json\/wp\/v2\/pages\/899#wpcf7-f3423-o1\" method=\"post\" class=\"wpcf7-form init\" aria-label=\"Formular de contact\" novalidate=\"novalidate\" data-status=\"init\">\n<fieldset class=\"hidden-fields-container\"><input type=\"hidden\" name=\"_wpcf7\" value=\"3423\" \/><input type=\"hidden\" name=\"_wpcf7_version\" value=\"6.1.4\" \/><input type=\"hidden\" name=\"_wpcf7_locale\" value=\"ro_RO\" \/><input type=\"hidden\" name=\"_wpcf7_unit_tag\" value=\"wpcf7-f3423-o1\" \/><input type=\"hidden\" name=\"_wpcf7_container_post\" value=\"0\" \/><input type=\"hidden\" name=\"_wpcf7_posted_data_hash\" value=\"\" \/>\n<\/fieldset>\n<div class=\"form-default text-center\">\n\t<div class=\"form-group\">\n\t\t<p><span class=\"wpcf7-form-control-wrap\" data-name=\"your-name\"><input size=\"40\" maxlength=\"400\" class=\"wpcf7-form-control wpcf7-text wpcf7-validates-as-required form-control\" aria-required=\"true\" aria-invalid=\"false\" placeholder=\"Numele dumneavoastr\u0103\" value=\"\" type=\"text\" name=\"your-name\" \/><\/span>\n\t\t<\/p>\n\t<\/div>\n\t<div class=\"row row-align-col\">\n\t\t<div class=\"col-md-6\">\n\t\t\t<div class=\"form-group\">\n\t\t\t\t<p><span class=\"wpcf7-form-control-wrap\" data-name=\"your-email\"><input size=\"40\" maxlength=\"400\" class=\"wpcf7-form-control wpcf7-email wpcf7-validates-as-required wpcf7-text wpcf7-validates-as-email form-control\" aria-required=\"true\" aria-invalid=\"false\" placeholder=\"E-mail\" value=\"\" type=\"email\" name=\"your-email\" \/><\/span>\n\t\t\t\t<\/p>\n\t\t\t<\/div>\n\t\t<\/div>\n\t\t<div class=\"col-md-6\">\n\t\t\t<div class=\"form-group\">\n\t\t\t\t<p><span class=\"wpcf7-form-control-wrap\" data-name=\"phonenumber\"><input size=\"40\" maxlength=\"400\" class=\"wpcf7-form-control wpcf7-text wpcf7-validates-as-required form-control\" aria-required=\"true\" aria-invalid=\"false\" placeholder=\"Telefon\" value=\"\" type=\"text\" name=\"phonenumber\" \/><\/span>\n\t\t\t\t<\/p>\n\t\t\t<\/div>\n\t\t<\/div>\n\t<\/div>\n\t<div class=\"form-group\">\n\t\t<p><span class=\"wpcf7-form-control-wrap\" data-name=\"message\"><textarea cols=\"40\" rows=\"4\" maxlength=\"2000\" class=\"wpcf7-form-control wpcf7-textarea form-control\" aria-invalid=\"false\" placeholder=\"\u00centrebarea dumneavoastr\u0103\" name=\"message\"><\/textarea><\/span>\n\t\t<\/p>\n\t<\/div>\n\t<div>\n\t\t<p><button type=\"submit\" class=\"tt-btn tt-btn-form\"><span class=\"icon-lightning\"><\/span>Trimite\u021bi cererea<br \/>\n<span class=\"icon-271228\"><\/span><\/button>\n\t\t<\/p>\n\t<\/div>\n<\/div><div class=\"wpcf7-response-output\" aria-hidden=\"true\"><\/div>\n<\/form>\n<\/div>\n\t\t\t\t\t\t\t<\/div>\n\t\t\t\t\t\t<\/div>\n\t\t\t\t\t\t\t\t\t\t\t\t\n\t\t\t\t<\/div>\n\t\t\t<\/div>\n\t\t\t<!-- Contact Form -->\n\t\t\t\t\t<\/div>\t\t\n\t\t\t\t\t\t\t\t\t<\/div>\n\t\t\t\t<\/div>\n\t\t\t\t\t<\/div>\n\t\t<\/div>\n\t\t\t\t\t<\/div>\n\t\t<\/section>\n\t\t\t\t<\/div>\n\t\t","protected":false},"excerpt":{"rendered":"<p>Lua\u021bi leg\u0103tura cu noi Au r\u0103mas \u00eentreb\u0103ri? Pur \u0219i simplu suna\u021bi-ne chiar acum! Vom fi bucuro\u0219i s\u0103 v\u0103 oferim toate detaliile despre serviciile noastre, standardele noastre \u0219i s\u0103 v\u0103 ajut\u0103m s\u0103 g\u0103si\u021bi solu\u021bia optim\u0103 pentru cur\u0103\u021benia spa\u021biului dvs. Telefon: +(373) 603 602 80 E-mail: clean.style.md@gmail.com Program de lucru: Lu-Vi: 08:00 &#8211; 17:00 Completa\u021bi formularul Managerul [&hellip;]<\/p>\n","protected":false},"author":1,"featured_media":0,"parent":0,"menu_order":0,"comment_status":"closed","ping_status":"closed","template":"elementor_header_footer","meta":{"footnotes":""},"class_list":["post-899","page","type-page","status-publish","hentry"],"yoast_head":"<!-- This site is optimized with the Yoast SEO plugin v26.6 - https:\/\/yoast.com\/wordpress\/plugins\/seo\/ -->\n<title>Contacte - CleanStyle<\/title>\n<meta name=\"robots\" content=\"index, follow, max-snippet:-1, max-image-preview:large, max-video-preview:-1\" \/>\n<link rel=\"canonical\" href=\"https:\/\/cleanstyle.md\/ro\/contacte\/\" \/>\n<meta property=\"og:locale\" content=\"ro_RO\" \/>\n<meta property=\"og:type\" content=\"article\" \/>\n<meta property=\"og:title\" content=\"Contacte - CleanStyle\" \/>\n<meta property=\"og:description\" content=\"Lua\u021bi leg\u0103tura cu noi Au r\u0103mas \u00eentreb\u0103ri? Pur \u0219i simplu suna\u021bi-ne chiar acum! Vom fi bucuro\u0219i s\u0103 v\u0103 oferim toate detaliile despre serviciile noastre, standardele noastre \u0219i s\u0103 v\u0103 ajut\u0103m s\u0103 g\u0103si\u021bi solu\u021bia optim\u0103 pentru cur\u0103\u021benia spa\u021biului dvs. Telefon: +(373) 603 602 80 E-mail: clean.style.md@gmail.com Program de lucru: Lu-Vi: 08:00 &#8211; 17:00 Completa\u021bi formularul Managerul [&hellip;]\" \/>\n<meta property=\"og:url\" content=\"https:\/\/cleanstyle.md\/ro\/contacte\/\" \/>\n<meta property=\"og:site_name\" content=\"CleanStyle\" \/>\n<meta property=\"article:modified_time\" content=\"2025-12-18T15:21:15+00:00\" \/>\n<meta name=\"twitter:card\" content=\"summary_large_image\" \/>\n<script type=\"application\/ld+json\" class=\"yoast-schema-graph\">{\"@context\":\"https:\/\/schema.org\",\"@graph\":[{\"@type\":\"WebPage\",\"@id\":\"https:\/\/cleanstyle.md\/ro\/contacte\/\",\"url\":\"https:\/\/cleanstyle.md\/ro\/contacte\/\",\"name\":\"Contacte - CleanStyle\",\"isPartOf\":{\"@id\":\"https:\/\/cleanstyle.md\/#website\"},\"datePublished\":\"2020-08-19T12:00:05+00:00\",\"dateModified\":\"2025-12-18T15:21:15+00:00\",\"breadcrumb\":{\"@id\":\"https:\/\/cleanstyle.md\/ro\/contacte\/#breadcrumb\"},\"inLanguage\":\"ro-RO\",\"potentialAction\":[{\"@type\":\"ReadAction\",\"target\":[\"https:\/\/cleanstyle.md\/ro\/contacte\/\"]}]},{\"@type\":\"BreadcrumbList\",\"@id\":\"https:\/\/cleanstyle.md\/ro\/contacte\/#breadcrumb\",\"itemListElement\":[{\"@type\":\"ListItem\",\"position\":1,\"name\":\"\u0413\u043b\u0430\u0432\u043d\u0430\u044f \u0441\u0442\u0440\u0430\u043d\u0438\u0446\u0430\",\"item\":\"https:\/\/cleanstyle.md\/ro\/\"},{\"@type\":\"ListItem\",\"position\":2,\"name\":\"Contacte\"}]},{\"@type\":\"WebSite\",\"@id\":\"https:\/\/cleanstyle.md\/#website\",\"url\":\"https:\/\/cleanstyle.md\/\",\"name\":\"CleanStyle\",\"description\":\"\",\"publisher\":{\"@id\":\"https:\/\/cleanstyle.md\/#organization\"},\"potentialAction\":[{\"@type\":\"SearchAction\",\"target\":{\"@type\":\"EntryPoint\",\"urlTemplate\":\"https:\/\/cleanstyle.md\/?s={search_term_string}\"},\"query-input\":{\"@type\":\"PropertyValueSpecification\",\"valueRequired\":true,\"valueName\":\"search_term_string\"}}],\"inLanguage\":\"ro-RO\"},{\"@type\":\"Organization\",\"@id\":\"https:\/\/cleanstyle.md\/#organization\",\"name\":\"CleanStyle\",\"url\":\"https:\/\/cleanstyle.md\/\",\"logo\":{\"@type\":\"ImageObject\",\"inLanguage\":\"ro-RO\",\"@id\":\"https:\/\/cleanstyle.md\/#\/schema\/logo\/image\/\",\"url\":\"https:\/\/cleanstyle.md\/wp-content\/uploads\/2025\/12\/logo-clean.svg\",\"contentUrl\":\"https:\/\/cleanstyle.md\/wp-content\/uploads\/2025\/12\/logo-clean.svg\",\"width\":255,\"height\":161,\"caption\":\"CleanStyle\"},\"image\":{\"@id\":\"https:\/\/cleanstyle.md\/#\/schema\/logo\/image\/\"}}]}<\/script>\n<!-- \/ Yoast SEO plugin. -->","yoast_head_json":{"title":"Contacte - CleanStyle","robots":{"index":"index","follow":"follow","max-snippet":"max-snippet:-1","max-image-preview":"max-image-preview:large","max-video-preview":"max-video-preview:-1"},"canonical":"https:\/\/cleanstyle.md\/ro\/contacte\/","og_locale":"ro_RO","og_type":"article","og_title":"Contacte - CleanStyle","og_description":"Lua\u021bi leg\u0103tura cu noi Au r\u0103mas \u00eentreb\u0103ri? Pur \u0219i simplu suna\u021bi-ne chiar acum! Vom fi bucuro\u0219i s\u0103 v\u0103 oferim toate detaliile despre serviciile noastre, standardele noastre \u0219i s\u0103 v\u0103 ajut\u0103m s\u0103 g\u0103si\u021bi solu\u021bia optim\u0103 pentru cur\u0103\u021benia spa\u021biului dvs. Telefon: +(373) 603 602 80 E-mail: clean.style.md@gmail.com Program de lucru: Lu-Vi: 08:00 &#8211; 17:00 Completa\u021bi formularul Managerul [&hellip;]","og_url":"https:\/\/cleanstyle.md\/ro\/contacte\/","og_site_name":"CleanStyle","article_modified_time":"2025-12-18T15:21:15+00:00","twitter_card":"summary_large_image","schema":{"@context":"https:\/\/schema.org","@graph":[{"@type":"WebPage","@id":"https:\/\/cleanstyle.md\/ro\/contacte\/","url":"https:\/\/cleanstyle.md\/ro\/contacte\/","name":"Contacte - CleanStyle","isPartOf":{"@id":"https:\/\/cleanstyle.md\/#website"},"datePublished":"2020-08-19T12:00:05+00:00","dateModified":"2025-12-18T15:21:15+00:00","breadcrumb":{"@id":"https:\/\/cleanstyle.md\/ro\/contacte\/#breadcrumb"},"inLanguage":"ro-RO","potentialAction":[{"@type":"ReadAction","target":["https:\/\/cleanstyle.md\/ro\/contacte\/"]}]},{"@type":"BreadcrumbList","@id":"https:\/\/cleanstyle.md\/ro\/contacte\/#breadcrumb","itemListElement":[{"@type":"ListItem","position":1,"name":"\u0413\u043b\u0430\u0432\u043d\u0430\u044f \u0441\u0442\u0440\u0430\u043d\u0438\u0446\u0430","item":"https:\/\/cleanstyle.md\/ro\/"},{"@type":"ListItem","position":2,"name":"Contacte"}]},{"@type":"WebSite","@id":"https:\/\/cleanstyle.md\/#website","url":"https:\/\/cleanstyle.md\/","name":"CleanStyle","description":"","publisher":{"@id":"https:\/\/cleanstyle.md\/#organization"},"potentialAction":[{"@type":"SearchAction","target":{"@type":"EntryPoint","urlTemplate":"https:\/\/cleanstyle.md\/?s={search_term_string}"},"query-input":{"@type":"PropertyValueSpecification","valueRequired":true,"valueName":"search_term_string"}}],"inLanguage":"ro-RO"},{"@type":"Organization","@id":"https:\/\/cleanstyle.md\/#organization","name":"CleanStyle","url":"https:\/\/cleanstyle.md\/","logo":{"@type":"ImageObject","inLanguage":"ro-RO","@id":"https:\/\/cleanstyle.md\/#\/schema\/logo\/image\/","url":"https:\/\/cleanstyle.md\/wp-content\/uploads\/2025\/12\/logo-clean.svg","contentUrl":"https:\/\/cleanstyle.md\/wp-content\/uploads\/2025\/12\/logo-clean.svg","width":255,"height":161,"caption":"CleanStyle"},"image":{"@id":"https:\/\/cleanstyle.md\/#\/schema\/logo\/image\/"}}]}},"_links":{"self":[{"href":"https:\/\/cleanstyle.md\/ro\/wp-json\/wp\/v2\/pages\/899","targetHints":{"allow":["GET"]}}],"collection":[{"href":"https:\/\/cleanstyle.md\/ro\/wp-json\/wp\/v2\/pages"}],"about":[{"href":"https:\/\/cleanstyle.md\/ro\/wp-json\/wp\/v2\/types\/page"}],"author":[{"embeddable":true,"href":"https:\/\/cleanstyle.md\/ro\/wp-json\/wp\/v2\/users\/1"}],"replies":[{"embeddable":true,"href":"https:\/\/cleanstyle.md\/ro\/wp-json\/wp\/v2\/comments?post=899"}],"version-history":[{"count":19,"href":"https:\/\/cleanstyle.md\/ro\/wp-json\/wp\/v2\/pages\/899\/revisions"}],"predecessor-version":[{"id":3739,"href":"https:\/\/cleanstyle.md\/ro\/wp-json\/wp\/v2\/pages\/899\/revisions\/3739"}],"wp:attachment":[{"href":"https:\/\/cleanstyle.md\/ro\/wp-json\/wp\/v2\/media?parent=899"}],"curies":[{"name":"wp","href":"https:\/\/api.w.org\/{rel}","templated":true}]}}